{"id":109,"date":"2020-04-16T07:53:40","date_gmt":"2020-04-16T07:53:40","guid":{"rendered":"https:\/\/demos.kadencewp.com\/food\/?page_id=109"},"modified":"2023-12-03T22:12:24","modified_gmt":"2023-12-03T22:12:24","slug":"el-regalo","status":"publish","type":"page","link":"https:\/\/felisuco.handmadelanzarote.com\/index.php\/el-regalo\/","title":{"rendered":"El regalo"},"content":{"rendered":"<style>.kb-row-layout-id109_fdbec1-57 > .kt-row-column-wrap{align-content:center;}:where(.kb-row-layout-id109_fdbec1-57 > .kt-row-column-wrap) > .wp-block-kadence-column{justify-content:center;}.kb-row-layout-id109_fdbec1-57 > .kt-row-column-wrap{column-gap:var(--global-kb-gap-lg, 4rem);row-gap:var(--global-kb-gap-md, 2rem);padding-top:0px;padding-bottom:0px;grid-template-columns:repeat(2, minmax(0, 1fr));}.kb-row-layout-id109_fdbec1-57 > .kt-row-layout-overlay{opacity:0.30;}@media all and (max-width: 1024px){.kb-row-layout-id109_fdbec1-57 > .kt-row-column-wrap{grid-template-columns:repeat(2, minmax(0, 1fr));}}@media all and (max-width: 767px){.kb-row-layout-id109_fdbec1-57 > .kt-row-column-wrap{grid-template-columns:minmax(0, 1fr);}}<\/style><div class=\"kb-row-layout-wrap kb-row-layout-id109_fdbec1-57 alignnone wp-block-kadence-rowlayout\"><div class=\"kt-row-column-wrap kt-has-2-columns kt-row-layout-equal kt-tab-layout-inherit kt-mobile-layout-row kt-row-valign-middle\">\n<style>.kadence-column109_606a0f-a6 > .kt-inside-inner-col,.kadence-column109_606a0f-a6 > .kt-inside-inner-col:before{border-top-left-radius:0px;border-top-right-radius:0px;border-bottom-right-radius:0px;border-bottom-left-radius:0px;}.kadence-column109_606a0f-a6 > .kt-inside-inner-col:before{opacity:0.3;}.kadence-column109_606a0f-a6{position:relative;}<\/style>\n<div class=\"wp-block-kadence-column kadence-column109_606a0f-a6 inner-column-1\"><div class=\"kt-inside-inner-col\">\n<figure class=\"wp-block-image size-large\"><img loading=\"lazy\" decoding=\"async\" width=\"1024\" height=\"768\" src=\"https:\/\/felisuco.handmadelanzarote.com\/wp-content\/uploads\/2020\/04\/food-photographer-jennifer-pallian-OfdDiqx8Cz8-unsplash-1024x768.jpg\" alt=\"\" class=\"wp-image-126\" srcset=\"https:\/\/felisuco.handmadelanzarote.com\/wp-content\/uploads\/2020\/04\/food-photographer-jennifer-pallian-OfdDiqx8Cz8-unsplash-1024x768.jpg 1024w, https:\/\/felisuco.handmadelanzarote.com\/wp-content\/uploads\/2020\/04\/food-photographer-jennifer-pallian-OfdDiqx8Cz8-unsplash-300x225.jpg 300w, https:\/\/felisuco.handmadelanzarote.com\/wp-content\/uploads\/2020\/04\/food-photographer-jennifer-pallian-OfdDiqx8Cz8-unsplash-768x576.jpg 768w, https:\/\/felisuco.handmadelanzarote.com\/wp-content\/uploads\/2020\/04\/food-photographer-jennifer-pallian-OfdDiqx8Cz8-unsplash-1536x1152.jpg 1536w, https:\/\/felisuco.handmadelanzarote.com\/wp-content\/uploads\/2020\/04\/food-photographer-jennifer-pallian-OfdDiqx8Cz8-unsplash-2048x1536.jpg 2048w, https:\/\/felisuco.handmadelanzarote.com\/wp-content\/uploads\/2020\/04\/food-photographer-jennifer-pallian-OfdDiqx8Cz8-unsplash-750x563.jpg 750w, https:\/\/felisuco.handmadelanzarote.com\/wp-content\/uploads\/2020\/04\/food-photographer-jennifer-pallian-OfdDiqx8Cz8-unsplash-500x375.jpg 500w, https:\/\/felisuco.handmadelanzarote.com\/wp-content\/uploads\/2020\/04\/food-photographer-jennifer-pallian-OfdDiqx8Cz8-unsplash-600x450.jpg 600w\" sizes=\"(max-width: 1024px) 100vw, 1024px\" \/><\/figure>\n\n\n<style>.wp-block-kadence-advancedheading.kt-adv-heading109_a0c5e9-6a, .wp-block-kadence-advancedheading.kt-adv-heading109_a0c5e9-6a[data-kb-block=\"kb-adv-heading109_a0c5e9-6a\"]{font-style:normal;}.wp-block-kadence-advancedheading.kt-adv-heading109_a0c5e9-6a mark, .wp-block-kadence-advancedheading.kt-adv-heading109_a0c5e9-6a[data-kb-block=\"kb-adv-heading109_a0c5e9-6a\"] mark{font-style:normal;color:#f76a0c;padding-top:0px;padding-right:0px;padding-bottom:0px;padding-left:0px;}<\/style>\n<h2 class=\"kt-adv-heading109_a0c5e9-6a wp-block-kadence-advancedheading\" data-kb-block=\"kb-adv-heading109_a0c5e9-6a\">Feliz Cumple Felisuco!! <\/h2>\n<\/div><\/div>\n\n\n<style>.kadence-column109_7d571d-20 > .kt-inside-inner-col,.kadence-column109_7d571d-20 > .kt-inside-inner-col:before{border-top-left-radius:0px;border-top-right-radius:0px;border-bottom-right-radius:0px;border-bottom-left-radius:0px;}.kadence-column109_7d571d-20 > .kt-inside-inner-col:before{opacity:0.3;}.kadence-column109_7d571d-20{position:relative;}<\/style>\n<div class=\"wp-block-kadence-column kadence-column109_7d571d-20 inner-column-2\"><div class=\"kt-inside-inner-col\">\n<h2 class=\"wp-block-heading\">Sabes que somos desastres &#8211; y por esto te regalamos una galleta digital.. y ya! <\/h2>\n\n\n\n<h5 class=\"wp-block-heading\">Jaja bueno no solo! <\/h5>\n\n\n\n<p>Sabemos que te gustan los recuerdos divertidos, las historias de humor negro y que te vas apuntando en una libretita todo lo que no quieres olvidar. <\/p>\n\n\n\n<p>Pues hemos decidido que ya vas a ser programador vamos a ir digitalizando tus recuerdos y ya que vas pillando a\u00f1os hemos creado un diario digital para que no se te vayan olvidando las cosas. <\/p>\n\n\n\n<p>Inicialmente la idea fue crear una libretita y pedir a los chicos que escriban una historia o algun momento divertido contigo que siempre recordaran. Luego pense que una vez que Ellen tenga la libretita no dar\u00eda para nadie m\u00e1s jaja! <\/p>\n\n\n\n<p>Por eso aqu\u00ed tienes el inicio de un diario digital d\u00f3nde cada uno te ha dejado de regalo uno de sus mejores momentos contigo o algunas palabras para que disfrutes de tu d\u00eda. Hasta Peppe se ha animado a escribir  (esta vez no en Whatsapp y no a las 3 de la ma\u00f1ana&#8212;o eso espero!)<\/p>\n\n\n\n<p>Disfruta mucho de las historias, espero que te lo vas a pasar con muchas risas y bueno.. alguna lagrimita como siempre de emoci\u00f3n \ud83d\ude42 <\/p>\n<\/div><\/div>\n\n<\/div><\/div>\n\n\n<div style=\"height:27px\" aria-hidden=\"true\" class=\"wp-block-spacer\"><\/div>\n\n\n\n<div class=\"wp-block-buttons alignwide is-content-justification-center is-layout-flex wp-container-core-buttons-is-layout-1 wp-block-buttons-is-layout-flex\">\n<div class=\"wp-block-button\"><a class=\"wp-block-button__link wp-element-button\" href=\"https:\/\/felisuco.handmadelanzarote.com\/index.php\/a-disfrutar-del-regalo\/\">Pincha aqu\u00ed para empezar a disfrutar de tu regalo!<\/a><\/div>\n<\/div>\n\n\n\n<div style=\"height:27px\" aria-hidden=\"true\" class=\"wp-block-spacer\"><\/div>\n\n\n\n<div class=\"wp-block-group is-nowrap is-layout-flex wp-container-core-group-is-layout-1 wp-block-group-is-layout-flex\">\n<p>P.S. Y un d\u00eda tendr\u00e1s la tarea de mover esta p\u00e1gina a tu hosting para guardarla, porque yo la verdad no me acuerdo ni poco como va esto jaja! As\u00ed tambi\u00e9n te regalamos un poco de pr\u00e1ctica \ud83d\ude42<\/p>\n<\/div>\n","protected":false},"excerpt":{"rendered":"<p>Feliz Cumple Felisuco!! Sabes que somos desastres &#8211; y por esto te regalamos una galleta digital.. y ya! Jaja bueno no solo! Sabemos que te gustan los recuerdos divertidos, las historias de humor negro y que te vas apuntando en una libretita todo lo que no quieres olvidar. Pues hemos decidido que ya vas a&#8230;<\/p>\n","protected":false},"author":1,"featured_media":0,"parent":0,"menu_order":0,"comment_status":"closed","ping_status":"closed","template":"","meta":{"_kad_post_transparent":"","_kad_post_title":"","_kad_post_layout":"","_kad_post_sidebar_id":"","_kad_post_content_style":"","_kad_post_vertical_padding":"","_kad_post_feature":"","_kad_post_feature_position":"","_kad_post_header":false,"_kad_post_footer":false,"footnotes":""},"_links":{"self":[{"href":"https:\/\/felisuco.handmadelanzarote.com\/index.php\/wp-json\/wp\/v2\/pages\/109"}],"collection":[{"href":"https:\/\/felisuco.handmadelanzarote.com\/index.php\/wp-json\/wp\/v2\/pages"}],"about":[{"href":"https:\/\/felisuco.handmadelanzarote.com\/index.php\/wp-json\/wp\/v2\/types\/page"}],"author":[{"embeddable":true,"href":"https:\/\/felisuco.handmadelanzarote.com\/index.php\/wp-json\/wp\/v2\/users\/1"}],"replies":[{"embeddable":true,"href":"https:\/\/felisuco.handmadelanzarote.com\/index.php\/wp-json\/wp\/v2\/comments?post=109"}],"version-history":[{"count":16,"href":"https:\/\/felisuco.handmadelanzarote.com\/index.php\/wp-json\/wp\/v2\/pages\/109\/revisions"}],"predecessor-version":[{"id":831,"href":"https:\/\/felisuco.handmadelanzarote.com\/index.php\/wp-json\/wp\/v2\/pages\/109\/revisions\/831"}],"wp:attachment":[{"href":"https:\/\/felisuco.handmadelanzarote.com\/index.php\/wp-json\/wp\/v2\/media?parent=109"}],"curies":[{"name":"wp","href":"https:\/\/api.w.org\/{rel}","templated":true}]}}