{"id":7,"date":"2023-11-12T17:23:05","date_gmt":"2023-11-12T17:23:05","guid":{"rendered":"https:\/\/felisuco.handmadelanzarote.com\/?page_id=7"},"modified":"2023-11-14T15:04:12","modified_gmt":"2023-11-14T15:04:12","slug":"tu-historia","status":"publish","type":"page","link":"https:\/\/felisuco.handmadelanzarote.com\/index.php\/tu-historia\/","title":{"rendered":"Solicitud de mensaje de feliz cumplea\u00f1os :)"},"content":{"rendered":"\n<h3 class=\"wp-block-heading\">Nuestro Felisuco cumple 27 a\u00f1os el 7 de diciembre y occuri\u00f3 la idea de hacerle un regalito de un diario digital de recuerdos, deseos o lo que sea que le quieres compartir \ud83d\ude42 <\/h3>\n\n\n\n<p>Para ayudarte en formular tu mensajito, algunas ideas abajo:<\/p>\n\n\n\n<ul>\n<li>\u00bfPuedes compartir una experiencia o un momento memorable en el que Felisuco haya impactado positivamente tu vida ?<\/li>\n\n\n\n<li>Comparte un mensaje o deseo para Felisuco en su cumplea\u00f1os, destacando lo que para ti lo convierte en una persona extraordinaria.<\/li>\n\n\n\n<li>Comparte alg\u00fan recuerdo con Felisuco favorito que te sigue haciendo reir.<\/li>\n\n\n\n<li>Simplemente comparte lo que sea que tienes en el coraz\u00f3n que le quieres contar \ud83d\ude42<\/li>\n<\/ul>\n\n\n\n<p>Tu mensaje se convertir\u00e1 autom\u00e1ticamente en una publicaci\u00f3n y podr\u00e1 verlo de inmediato tan pronto como envies el formulario en el bot\u00f3n a continuaci\u00f3n. <\/p>\n\n\n\n<p>Como publicaci\u00f3n real se te pedir\u00e1 un t\u00edtulo breve pero puedes poner solo <strong>Feliz cumplea\u00f1os<\/strong> si no est\u00e1s segur@ de qu\u00e9 escribir. Tambi\u00e9n puedes subir hasta 20 im\u00e1genes, pero agrega al menos una para que tu publicaci\u00f3n se vea hermosa y alegre :))))) (Los pasteles de cumplea\u00f1os en la b\u00fasqueda de Google tambi\u00e9n funcionan jaja).<\/p>\n\n\n\n<p>No dudes en compartir lo que quieras, \u00a1a Felisuco le encantar\u00eda leerlo! PD un peque\u00f1o video del &#8220;unboxing del sitio web&#8221; estar\u00e1 disponible una vez que se comparta el &#8220;regalo&#8221; :))))<\/p>\n\n\n\n<div class=\"wp-block-buttons is-layout-flex wp-block-buttons-is-layout-flex\">\n<div class=\"wp-block-button has-custom-width wp-block-button__width-100\"><a class=\"wp-block-button__link has-text-align-center wp-element-button\" href=\"https:\/\/felisuco.handmadelanzarote.com\/index.php\/formulario\/\">Haz click para enviar tu recuerdo \/ mensaje \/ deseo<\/a><\/div>\n<\/div>\n\n\n\n<p><\/p>\n","protected":false},"excerpt":{"rendered":"<p>Nuestro Felisuco cumple 27 a\u00f1os el 7 de diciembre y occuri\u00f3 la idea de hacerle un regalito de un diario digital de recuerdos, deseos o lo que sea que le quieres compartir \ud83d\ude42 Para ayudarte en formular tu mensajito, algunas ideas abajo: Tu mensaje se convertir\u00e1 autom\u00e1ticamente en una publicaci\u00f3n y podr\u00e1 verlo de inmediato&#8230;<\/p>\n","protected":false},"author":1,"featured_media":0,"parent":0,"menu_order":0,"comment_status":"closed","ping_status":"closed","template":"","meta":{"_kad_post_transparent":"","_kad_post_title":"","_kad_post_layout":"","_kad_post_sidebar_id":"","_kad_post_content_style":"","_kad_post_vertical_padding":"","_kad_post_feature":"","_kad_post_feature_position":"","_kad_post_header":false,"_kad_post_footer":false,"footnotes":""},"_links":{"self":[{"href":"https:\/\/felisuco.handmadelanzarote.com\/index.php\/wp-json\/wp\/v2\/pages\/7"}],"collection":[{"href":"https:\/\/felisuco.handmadelanzarote.com\/index.php\/wp-json\/wp\/v2\/pages"}],"about":[{"href":"https:\/\/felisuco.handmadelanzarote.com\/index.php\/wp-json\/wp\/v2\/types\/page"}],"author":[{"embeddable":true,"href":"https:\/\/felisuco.handmadelanzarote.com\/index.php\/wp-json\/wp\/v2\/users\/1"}],"replies":[{"embeddable":true,"href":"https:\/\/felisuco.handmadelanzarote.com\/index.php\/wp-json\/wp\/v2\/comments?post=7"}],"version-history":[{"count":10,"href":"https:\/\/felisuco.handmadelanzarote.com\/index.php\/wp-json\/wp\/v2\/pages\/7\/revisions"}],"predecessor-version":[{"id":334,"href":"https:\/\/felisuco.handmadelanzarote.com\/index.php\/wp-json\/wp\/v2\/pages\/7\/revisions\/334"}],"wp:attachment":[{"href":"https:\/\/felisuco.handmadelanzarote.com\/index.php\/wp-json\/wp\/v2\/media?parent=7"}],"curies":[{"name":"wp","href":"https:\/\/api.w.org\/{rel}","templated":true}]}}